{"id":33,"date":"2015-11-01T22:56:53","date_gmt":"2015-11-01T13:56:53","guid":{"rendered":"http:\/\/www.cresc.co.jp\/?page_id=33"},"modified":"2019-03-21T01:57:05","modified_gmt":"2019-03-20T16:57:05","slug":"recruit","status":"publish","type":"page","link":"https:\/\/www.cresc.co.jp\/index.php\/recruit\/","title":{"rendered":"\u63a1\u7528\u60c5\u5831"},"content":{"rendered":"<p style=\"margin-bottom: 1rem;\">\u5f0a\u793e\u3067\u306f\u3001\u65b0\u5352\u3001\u4e2d\u9014\u306b\u95a2\u308f\u3089\u305a\u30e4\u30eb\u6c17\u306e\u3042\u308b\u4eba\u3092\u7a4d\u6975\u7684\u306b\u63a1\u7528\u3057\u3066\u3044\u307e\u3059\u3002<\/p>\n<div class=\"recuFlow\"><img decoding=\"async\" style=\"border: 1.0px solid #0C0C2E;\" src=\"\/wp-content\/uploads\/2015\/11\/8\" alt=\"\u63a1\u7528\u306e\u6d41\u308c\" \/><\/div>\n<p>&nbsp;<br \/>\n<a style=\"width: 100%; height: 100%; display: block; text-decoration: none;\" href=\"\/index.php\/recruit\/fresh_info\/\"><\/p>\n<div class=\"recuLinkCommon\"><span style=\"line-height: 46px;\">\u65b0\u5352\u306e\u65b9\u306f\u3053\u3061\u3089<\/span><\/div>\n<p><\/a><br \/>\n&nbsp;<br \/>\n<a style=\"width: 100%; height: 100%; display: block; text-decoration: none;\" href=\"\/index.php\/recruit\/mid_info\/\"><\/p>\n<div class=\"recuLinkCommon\"><span style=\"line-height: 46px;\">\u4e2d\u9014\u306e\u65b9\u306f\u3053\u3061\u3089<\/span><\/div>\n<p><\/a><br \/>\n<div role=\"form\" class=\"wpcf7\" id=\"wpcf7-f917-o1\" lang=\"ja\" dir=\"ltr\">\n<div class=\"screen-reader-response\"><\/div>\n<form action=\"\/index.php\/wp-json\/wp\/v2\/pages\/33#wpcf7-f917-o1\" method=\"post\" class=\"wpcf7-form\" novalidate=\"novalidate\">\n<div style=\"display: none;\">\n<input type=\"hidden\" name=\"_wpcf7\" value=\"917\" \/>\n<input type=\"hidden\" name=\"_wpcf7_version\" value=\"5.0.1\" \/>\n<input type=\"hidden\" name=\"_wpcf7_locale\" value=\"ja\" \/>\n<input type=\"hidden\" name=\"_wpcf7_unit_tag\" value=\"wpcf7-f917-o1\" \/>\n<input type=\"hidden\" name=\"_wpcf7_container_post\" value=\"0\" \/>\n<\/div>\n<p class=\"p-contactform7\">\u5f0a\u793e\u3078\u306e\u5165\u793e\u3092\u5fd7\u671b\u3055\u308c\u308b\u65b9\u306f\u3001\u4e0b\u8a18\u306e\u30d5\u30a9\u30fc\u30e0\u304b\u3089\u3054\u5fdc\u52df\u3067\u304d\u307e\u3059\u3002<br \/>\n\u3042\u3089\u304b\u3058\u3081\u5f0a\u793e\u306e<a href=\"\/index.php\/recruit\/privacy_policy\/\"><b>\u63a1\u7528\u306b\u95a2\u3059\u308b\u500b\u4eba\u60c5\u5831\u53d6\u6271<\/b><\/a>\u306b\u3064\u3044\u3066\u3054\u7406\u89e3\u3044\u305f\u3060\u3044\u305f\u4e0a\u3067\u3054\u5fdc\u52df\u3092\u304a\u9858\u3044\u3044\u305f\u3057\u307e\u3059\u3002<\/p>\n<table class=\"table table-bordered table-striped table-contactform7\" style=\"width: 99%;\">\n<tr>\n<th><span class=\"required-contactform7\">\u5fc5\u9808<\/span><span class=\"title-contactform7\">\u6c0f\u540d<\/span><\/th>\n<td><span class=\"wpcf7-form-control-wrap your-name\"><input type=\"text\" name=\"your-name\" value=\"\" size=\"40\" class=\"wpcf7-form-control wpcf7-text wpcf7-validates-as-required\" aria-required=\"true\" aria-invalid=\"false\" placeholder=\"\u4f8b\uff1a\u5c71\u7530\u3000\u592a\u90ce\" \/><\/span> <\/td>\n<\/tr>\n<tr>\n<th><span class=\"required-contactform7\">\u5fc5\u9808<\/span><span class=\"title-contactform7\">\u30d5\u30ea\u30ac\u30ca<\/span><\/th>\n<td><span class=\"wpcf7-form-control-wrap furigana\"><input type=\"text\" name=\"furigana\" value=\"\" size=\"40\" class=\"wpcf7-form-control wpcf7-text wpcf7-validates-as-required\" aria-required=\"true\" aria-invalid=\"false\" placeholder=\"\u4f8b\uff1a\u30e4\u30de\u30c0\u3000\u30bf\u30ed\u30a6\" \/><\/span> <\/td>\n<\/tr>\n<tr>\n<th><span class=\"required-contactform7\">\u5fc5\u9808<\/span><span class=\"title-contactform7\">\u4f4f\u6240<\/span><\/th>\n<td><span class=\"wpcf7-form-control-wrap address\"><input type=\"text\" name=\"address\" value=\"\" size=\"40\" class=\"wpcf7-form-control wpcf7-text wpcf7-validates-as-required\" aria-required=\"true\" aria-invalid=\"false\" placeholder=\"\u4f8b\uff1a\u6771\u4eac\u90fd\u6e2f\u533a\u4e09\u7530\uff13\u4e01\u76ee\uff12\u756a\uff12\uff11\u53f7\u30ed\u30fc\u30e9\u30f3\u30c9\u30df\u30e5\u30fc\u30ba\uff12\uff26\" \/><\/span> <\/td>\n<\/tr>\n<tr>\n<th><span class=\"required-contactform7\">\u5fc5\u9808<\/span><span class=\"title-contactform7\">\u751f\u5e74\u6708\u65e5<\/span><\/th>\n<td><span class=\"wpcf7-form-control-wrap birthday\"><input type=\"text\" name=\"birthday\" value=\"\" size=\"40\" class=\"wpcf7-form-control wpcf7-text wpcf7-validates-as-required\" aria-required=\"true\" aria-invalid=\"false\" placeholder=\"\u4f8b\uff1a1996\/3\/1\" \/><\/span><\/td>\n<\/tr>\n<tr>\n<th><span class=\"required-contactform7\">\u5fc5\u9808<\/span><span class=\"title-contactform7\">\u96fb\u8a71\u756a\u53f7<\/span><\/th>\n<td><span class=\"wpcf7-form-control-wrap tel\"><input type=\"text\" name=\"tel\" value=\"\" size=\"40\" class=\"wpcf7-form-control wpcf7-text wpcf7-validates-as-required\" aria-required=\"true\" aria-invalid=\"false\" placeholder=\"\u4f8b\uff1a03-1234-5678\" \/><\/span><\/td>\n<\/tr>\n<tr>\n<th><span class=\"required-contactform7\">\u5fc5\u9808<\/span><span class=\"title-contactform7\">\u30e1\u30fc\u30eb\u30a2\u30c9\u30ec\u30b9<\/span><\/th>\n<td><span class=\"wpcf7-form-control-wrap your-email\"><input type=\"email\" name=\"your-email\" value=\"\" size=\"40\" class=\"wpcf7-form-control wpcf7-text wpcf7-email wpcf7-validates-as-required wpcf7-validates-as-email\" aria-required=\"true\" aria-invalid=\"false\" placeholder=\"\u4f8b\uff1a\u00d7\u00d7\u00d7@\u00d7\u00d7\u00d7.com\" \/><\/span><\/td>\n<\/tr>\n<tr>\n<th><span class=\"required-contactform7\">\u5fc5\u9808<\/span><span class=\"title-contactform7\">\u6700\u7d42\u5b66\u6b74<\/span><\/th>\n<td><span class=\"wpcf7-form-control-wrap gakureki\"><input type=\"text\" name=\"gakureki\" value=\"\" size=\"40\" class=\"wpcf7-form-control wpcf7-text wpcf7-validates-as-required\" aria-required=\"true\" aria-invalid=\"false\" placeholder=\"\u4f8b\uff1a2018\/3\u3000\u30af\u30ec\u30b9\u5927\u5b66\u7406\u5b66\u90e8\u6570\u5b66\u79d1\u3000\u5352\u696d\" \/><\/span><\/td>\n<div style=\"margin-bottom:10px\"><\/div>\n<\/tr>\n<tr>\n<th><span class=\"required-contactform7\">\u5fc5\u9808<\/span><span class=\"title-contactform7\">\u4fdd\u6709\u8cc7\u683c<\/span><\/th>\n<td class=\"message-100\"><span class=\"wpcf7-form-control-wrap sikaku\"><textarea name=\"sikaku\" cols=\"40\" rows=\"10\" class=\"wpcf7-form-control wpcf7-textarea wpcf7-validates-as-required\" aria-required=\"true\" aria-invalid=\"false\" placeholder=\"\u4f8b\uff1a2017\/4 \u57fa\u672c\u60c5\u5831\u6280\u8853\u8005\u3000\u53d6\u5f97\"><\/textarea><\/span><\/td>\n<\/tr>\n<tr>\n<th><span class=\"required-contactform7\">\u5fc5\u9808<\/span><span class=\"title-contactform7\">\u8077\u52d9\u7d4c\u6b74<\/span><\/th>\n<td class=\"message-100\"><span class=\"wpcf7-form-control-wrap keireki\"><textarea name=\"keireki\" cols=\"40\" rows=\"10\" class=\"wpcf7-form-control wpcf7-textarea wpcf7-validates-as-required\" aria-required=\"true\" aria-invalid=\"false\"><\/textarea><\/span><\/td>\n<\/tr>\n<tr>\n<th><span class=\"required-contactform7\">\u5fc5\u9808<\/span><span class=\"title-contactform7\">\u5fd7\u671b\u52d5\u6a5f<\/span><\/th>\n<td class=\"message-100\"><span class=\"wpcf7-form-control-wrap reason\"><textarea name=\"reason\" cols=\"40\" rows=\"10\" class=\"wpcf7-form-control wpcf7-textarea wpcf7-validates-as-required\" aria-required=\"true\" aria-invalid=\"false\"><\/textarea><\/span><\/td>\n<\/tr>\n<tr>\n<th><span class=\"required-contactform7\">\u5fc5\u9808<\/span><span class=\"title-contactform7\">\u81ea\u5df1PR<\/span><\/th>\n<td class=\"message-100\"><span class=\"wpcf7-form-control-wrap pr\"><textarea name=\"pr\" cols=\"40\" rows=\"10\" class=\"wpcf7-form-control wpcf7-textarea wpcf7-validates-as-required\" aria-required=\"true\" aria-invalid=\"false\"><\/textarea><\/span><\/td>\n<\/tr>\n<tr>\n<th><span class=\"title-contactform7\">\u5099\u8003<\/span><\/th>\n<td class=\"message-100\"><span class=\"wpcf7-form-control-wrap biko\"><textarea name=\"biko\" cols=\"40\" rows=\"10\" class=\"wpcf7-form-control wpcf7-textarea\" aria-invalid=\"false\"><\/textarea><\/span><\/td>\n<\/tr>\n<\/table>\n<p>\u5f8c\u65e5\u62c5\u5f53\u8005\u304b\u3089\u3001\u3054\u5165\u529b\u3044\u305f\u3060\u3044\u305f\u30e1\u30fc\u30eb\u30a2\u30c9\u30ec\u30b9\u307e\u305f\u306f\u96fb\u8a71\u756a\u53f7\u5b9b\u306b\u3054\u9023\u7d61\u3044\u305f\u3057\u307e\u3059\u3002<\/p>\n<p>\u3053\u306e\u30e1\u30fc\u30eb\u30d5\u30a9\u30fc\u30e0\u306b\u306f\u9001\u4fe1\u78ba\u8a8d\u753b\u9762\u304c\u3042\u308a\u307e\u305b\u3093\u3002\u3053\u306e\u307e\u307e\u9001\u4fe1\u3057\u307e\u3059\u304b\uff1f<br \/>\n<span class=\"wpcf7-form-control-wrap acceptance-838\"><span class=\"wpcf7-form-control wpcf7-acceptance\"><span class=\"wpcf7-list-item\"><label><input type=\"checkbox\" name=\"acceptance-838\" value=\"1\" aria-invalid=\"false\" \/><span class=\"wpcf7-list-item-label\">\u306f\u3044\u3001\u9001\u4fe1\u3057\u307e\u3059\u3002<\/span><\/label><\/span><\/span><\/span><\/p>\n<p><input type=\"submit\" value=\"\u9001\u4fe1\u3059\u308b\" class=\"wpcf7-form-control wpcf7-submit\" \/><\/p>\n<div class=\"wpcf7-response-output wpcf7-display-none\"><\/div><\/form><\/div><\/p>\n","protected":false},"excerpt":{"rendered":"<p>\u5f0a\u793e\u3067\u306f\u3001\u65b0\u5352\u3001\u4e2d\u9014\u306b\u95a2\u308f\u3089\u305a\u30e4\u30eb\u6c17\u306e\u3042\u308b\u4eba\u3092\u7a4d\u6975\u7684\u306b\u63a1\u7528\u3057\u3066\u3044\u307e\u3059\u3002 &nbsp; \u65b0\u5352\u306e\u65b9\u306f\u3053\u3061\u3089 &nbsp; \u4e2d\u9014\u306e\u65b9\u306f\u3053\u3061\u3089<\/p>\n","protected":false},"author":1,"featured_media":0,"parent":0,"menu_order":0,"comment_status":"closed","ping_status":"closed","template":"","meta":{"footnotes":""},"class_list":["post-33","page","type-page","status-publish","hentry"],"_links":{"self":[{"href":"https:\/\/www.cresc.co.jp\/index.php\/wp-json\/wp\/v2\/pages\/33","targetHints":{"allow":["GET"]}}],"collection":[{"href":"https:\/\/www.cresc.co.jp\/index.php\/wp-json\/wp\/v2\/pages"}],"about":[{"href":"https:\/\/www.cresc.co.jp\/index.php\/wp-json\/wp\/v2\/types\/page"}],"author":[{"embeddable":true,"href":"https:\/\/www.cresc.co.jp\/index.php\/wp-json\/wp\/v2\/users\/1"}],"replies":[{"embeddable":true,"href":"https:\/\/www.cresc.co.jp\/index.php\/wp-json\/wp\/v2\/comments?post=33"}],"version-history":[{"count":225,"href":"https:\/\/www.cresc.co.jp\/index.php\/wp-json\/wp\/v2\/pages\/33\/revisions"}],"predecessor-version":[{"id":980,"href":"https:\/\/www.cresc.co.jp\/index.php\/wp-json\/wp\/v2\/pages\/33\/revisions\/980"}],"wp:attachment":[{"href":"https:\/\/www.cresc.co.jp\/index.php\/wp-json\/wp\/v2\/media?parent=33"}],"curies":[{"name":"wp","href":"https:\/\/api.w.org\/{rel}","templated":true}]}}